{"id":7299,"date":"2024-12-21T11:44:17","date_gmt":"2024-12-21T10:44:17","guid":{"rendered":"https:\/\/pertedepoids-femme.fr\/blog\/perte-de-poids-pour-femmes\/comment-evaluer-ses-progres-en-perte-de-poids\/quels-outils-utiliser-pour-suivre-sa-perte-de-poids\/"},"modified":"2024-12-21T11:44:17","modified_gmt":"2024-12-21T10:44:17","slug":"quels-outils-utiliser-pour-suivre-sa-perte-de-poids","status":"publish","type":"page","link":"https:\/\/pertedepoids-femme.fr\/blog\/perte-de-poids-pour-femmes\/comment-evaluer-ses-progres-en-perte-de-poids\/quels-outils-utiliser-pour-suivre-sa-perte-de-poids\/","title":{"rendered":"Quels outils utiliser pour suivre sa perte de poids ?"},"content":{"rendered":"\n\n<p>Bienvenue dans l&rsquo;univers fascinant de la <strong>perte de poids<\/strong> ! Si vous \u00eates ici, c&rsquo;est que vous avez probablement d\u00e9cid\u00e9 de prendre les r\u00eanes de votre sant\u00e9 et de votre silhouette. Mais comment s&rsquo;assurer que tous vos efforts ne ressemblent pas \u00e0 un \u00e9pisode de *P\u00e9kin Express* o\u00f9 les obstacles se multiplient \u00e0 chaque tournant ? C&rsquo;est l\u00e0 que les <strong>outils de suivi<\/strong> entrent en sc\u00e8ne ! Des applis sur votre t\u00e9l\u00e9phone aux carnets de bord vintage, ces compagnons de route peuvent \u00eatre d&rsquo;une aide pr\u00e9cieuse pour rester motiv\u00e9 et en phase avec vos objectifs. Suivre votre consommation, vos progr\u00e8s et m\u00eame votre humeur, c&rsquo;est comme avoir un petit coach personnel dans votre poche, pr\u00eat \u00e0 vous encourager ou \u00e0 vous mettre un petit coup de pied aux fesses quand il le faut. Alors, pr\u00eats \u00e0 d\u00e9couvrir les alli\u00e9s de votre parcours minceur ?<\/p>\n\n\n\n<p>Suivre sa <strong>perte de poids<\/strong> est essentiel, et ce pour plusieurs raisons ! Imaginez-vous en train de gravir une montagne : sans rep\u00e8res, il est facile de se perdre en chemin ou de se d\u00e9courager. Le suivi permet d&rsquo;avoir une vue d&rsquo;ensemble de votre parcours et d&rsquo;ajuster vos efforts.<\/p>\n\n\n<p>Premi\u00e8rement, le suivi de votre progression favorise un sentiment de <strong>responsabilit\u00e9<\/strong>. Lorsque vous notez vos efforts, qu&rsquo;il s&rsquo;agisse de calories consomm\u00e9es ou de s\u00e9ances d&rsquo;exercices, vous \u00eates plus encline \u00e0 vous engager vis-\u00e0-vis de vous-m\u00eame. C&rsquo;est comme si vous deveniez votre propre coach sportif : \u00ab Allez Juliette, 10 squats, c&rsquo;est le minimum ! \u00bb<\/p>\n\n\n<p>Ensuite, cela permet \u00e9galement d&rsquo;identifier les <strong>progr\u00e8s<\/strong>, m\u00eame les plus petits. Parfois, on se concentre sur la balance, mais si celle-ci ne bouge pas, il est crucial de prendre du recul et de regarder des d\u00e9tails tels que les centim\u00e8tres perdus ou les v\u00eatements qui deviennent trop grands. Les petits succ\u00e8s doivent \u00eatre c\u00e9l\u00e9br\u00e9s, car ils boostent la <strong>motivation<\/strong>.<\/p>\n\n\n<p>Un autre point fort du suivi est qu&rsquo;il r\u00e9v\u00e8le des <strong>habitudes alimentaires<\/strong> et des comportements qui pourraient passer inaper\u00e7us. En tenant un journal alimentaire, vous pourriez r\u00e9aliser que vous grignotez plus que pr\u00e9vu ou que vous avez tendance \u00e0 manger \u00e0 des heures irr\u00e9guli\u00e8res. Savoir d&rsquo;o\u00f9 viennent les \u00e9carts vous permet de mieux les g\u00e9rer.<\/p>\n\n\n<p>Enfin, le suivi peut \u00eatre tr\u00e8s ludique ! Qu&rsquo;il s&rsquo;agisse d&rsquo;une application, d&rsquo;un tableau ou m\u00eame d&rsquo;un simple cahier, suivre votre progression peut devenir un jeu. C&rsquo;est l&rsquo;occasion de cr\u00e9er un <strong>challenge<\/strong> avec des amis ou en famille, et qui sait, peut-\u00eatre que vous d\u00e9couvrirez une \u00e2me de comp\u00e9titrice qui sommeille en vous !<\/p>\n\n\n\n<p>Quand il s&rsquo;agit de perdre du poids, l&rsquo;\u00e8re num\u00e9rique a mis \u00e0 notre disposition une multitude d&rsquo;<strong>outils<\/strong> qui rendent le suivi de nos progr\u00e8s aussi facile que de manger une part de g\u00e2teau (ok, peut-\u00eatre pas tout \u00e0 fait). Voici quelques-uns des plus efficaces :<\/p>\n\n\n<h2 class=\"wp-block-heading\">Applications de fitness<\/h2>\n\n\n<p>        Les <strong>applications de fitness<\/strong> sont devenues des alli\u00e9es de choix pour ceux qui souhaitent garder un \u0153il sur leur <strong>alimentation<\/strong> et leur <strong>activit\u00e9 physique<\/strong>. Voici quelques-unes de mes pr\u00e9f\u00e9r\u00e9es :<\/p>\n\n\n<ul class=\"wp-block-list\">\n\n<li><strong>MyFitnessPal<\/strong> : Cette application vous permet de suivre vos repas et d&rsquo;enregistrer vos exercices. N&rsquo;attendez pas d&rsquo;\u00eatre \u00e0 un d\u00eener pour r\u00e9aliser que vous avez trop mang\u00e9, avec elle, les comptes sont faits avant !<\/li>\n\n\n<li><strong>Lose It!<\/strong> : Simple et efficace, cette appli vous aide \u00e0 d\u00e9finir un objectif de perte de poids et \u00e0 suivre vos calories au quotidien. C&rsquo;est comme un coach personnel dans votre poche, mais sans le co\u00fbt d&rsquo;un abonnement !<\/li>\n\n\n<li><strong>Yummly<\/strong> : Pour les adeptes de la cuisine, Yummly propose des recettes saines adapt\u00e9es \u00e0 vos besoins en mati\u00e8re de perte de poids. Sans oublier qu&rsquo;elle vous fera cuisiner, pas juste regarder des photos de plats all\u00e9chants.<\/li>\n\n<\/ul>\n\n\n<h2 class=\"wp-block-heading\">Trackers d&rsquo;activit\u00e9<\/h2>\n\n\n<p>        Les <strong>trackers d&rsquo;activit\u00e9<\/strong> sont d&rsquo;excellents compagnons pour mesurer votre niveau d&rsquo;<strong>activit\u00e9 physique<\/strong>. Voici quelques mod\u00e8les populaires :<\/p>\n\n\n<ul class=\"wp-block-list\">\n\n<li><strong>Fitbit<\/strong> : Ces petits bracelets vous surveillent en permanence, mesurant vos pas, votre rythme cardiaque et m\u00eame votre sommeil. Parfait pour vous faire culpabiliser apr\u00e8s avoir d\u00e9vor\u00e9 une pizza !<\/li>\n\n\n<li><strong>Apple Watch<\/strong> : Plus qu&rsquo;une simple montre, elle vous permet de suivre vos s\u00e9ances de sport, vos calories br\u00fbl\u00e9es et peut m\u00eame vous envoyer des rappels pour vous lever si vous restez assise trop longtemps. Une vraie militante du mouvement !<\/li>\n\n\n<li><strong>Garmin<\/strong> : Avec des fonctionnalit\u00e9s d\u00e9di\u00e9es aux coureurs, aux cyclistes et m\u00eame aux nageurs, Garmin est le compagnon id\u00e9al pour ceux qui prennent le sport au s\u00e9rieux \u2013 ou qui veulent simplement impressionner leurs amis sur les r\u00e9seaux sociaux.<\/li>\n\n<\/ul>\n\n\n<p>Que vous choisissiez une application, un tracker, ou les deux, l&rsquo;important est de trouver l&rsquo;outil qui vous motive et rend ce parcours de <strong>perte de poids<\/strong> un peu plus amusant. Apr\u00e8s tout, perdre du poids ne doit pas rimer avec ennui !<\/p>\n\n\n\n<p>Lorsque l&rsquo;on se lance dans un parcours de <strong>perte de poids<\/strong>, il est essentiel de se munir des bons <strong>outils<\/strong> pour suivre ses progr\u00e8s. Parlons donc des m\u00e9thodes traditionnelles qui nous ont accompagn\u00e9 durant des d\u00e9cennies et qui continuent \u00e0 faire leurs preuves.<\/p>\n\n\n<h2 class=\"wp-block-heading\">Les journaux alimentaires<\/h2>\n\n\n<p>Commen\u00e7ons par le c\u00e9l\u00e8bre <strong>journal alimentaire<\/strong>. Oui, celui qui vous demande de noter tout ce que vous mangez, comme un petit espion 2.0 \u00e0 l&rsquo;aff\u00fbt de votre assiette.<\/p>\n\n\n<p>En notant vos repas, collations et m\u00eame ces petites bouch\u00e9es (vous savez, cette chip que vous avez vol\u00e9e \u00e0 votre copain en fin de soir\u00e9e), vous pouvez identifier certains <strong>habitudes alimentaires<\/strong> et les changements \u00e0 apporter. Qui aurait cru qu&rsquo;un simple carnet pouvait \u00eatre le meilleur ami de votre <strong>objectif minceur<\/strong> ?<\/p>\n\n\n<h2 class=\"wp-block-heading\">Les balances<\/h2>\n\n\n<p>Ah, la <strong>balance<\/strong> ! Le canal de communication le plus difficile de votre salle de bain. Elle vous dit ce que vous ne voulez pas entendre et, parfois, elle est celle qui si\u00e8ge \u00e0 c\u00f4t\u00e9 du vase d\u2019eau encore pleine de vos larmes de frustration. Mais une balance peut \u00eatre un bon outil pour suivre les tendances de votre poids sur le long terme. N\u2019oubliez pas : le chiffre sur la balance n\u2019est qu\u2019une partie de l\u2019histoire !<\/p>\n\n\n<h2 class=\"wp-block-heading\">Les m\u00e8tre rubans<\/h2>\n\n\n<p>Un autre outil souvent sous-estim\u00e9 : le <strong>m\u00e8tre ruban<\/strong>. Il ne se mesure pas \u00e0 l\u2019aune des jours, mais il vous dira exactement combien de centim\u00e8tres vous avez perdu l\u00e0 o\u00f9 \u00e7a compte vraiment. C&rsquo;est comme avoir un jury de mode \u00e0 domicile, vous mesurant pour votre passage sur le podium de la passerelle !<\/p>\n\n\n<h2 class=\"wp-block-heading\">Les photos avant-apr\u00e8s<\/h2>\n\n\n<p>Les <strong>photos avant-apr\u00e8s<\/strong>, quant \u00e0 elles, sont l\u2019\u00e9quivalent visuel de se rincer l\u2019\u0153il. Non seulement elles capturent votre \u00e9volution, mais elles vous rappellent aussi \u00e0 quel point vous avez \u00e9t\u00e9 d\u00e9termin\u00e9e. Quand le reflet dans le miroir vous arrache un moue, regardez vos photos, et BOUM, retour \u00e0 l\u2019optimisme.<\/p>\n\n\n<h2 class=\"wp-block-heading\">Les applications de suivi<\/h2>\n\n\n<p>Enfin, les <strong>applications de suivi<\/strong>. Oui, ces petits adjoints num\u00e9riques qui surveillent votre consommation en cal, votre hydratation, et m\u00eame votre activit\u00e9 physique. Programm\u00e9es pour vous rappeler de bouger, elles sont comme votre entra\u00eeneur personnel dans votre poche, mais sans le short fluo. Pratique, non ?<\/p>\n\n\n\n<p>La perte de poids, c&rsquo;est un peu comme trouver l&rsquo;amour : il faut <strong>\u00eatre intentionnel<\/strong> et parfois un peu <strong>strat\u00e9gique<\/strong>. Alors, comment \u00e9tablir des objectifs qui ne vous feront pas pleurer dans votre assiette de l\u00e9gumes ? Voici quelques conseils utiles :<\/p>\n\n\n<h2 class=\"wp-block-heading\">1. Fixez des objectifs SMART<\/h2>\n\n\n<p>Pour que vos objectifs soient vraiment efficaces, il est essentiel qu&rsquo;ils soient <strong>SMART<\/strong> :<\/p>\n\n\n<ul class=\"wp-block-list\">\n\n<li><strong>S<\/strong>p\u00e9cifique : Que voulez-vous accomplir ? Par exemple, plut\u00f4t que de dire \u00ab\u00a0je veux perdre du poids\u00a0\u00bb, dites \u00ab\u00a0je veux perdre 5 kg\u00a0\u00bb.<\/li>\n\n\n<li><strong>M<\/strong>esurable : Comment allez-vous suivre vos progr\u00e8s ? Avez-vous un <strong>p\u00e8se-personne<\/strong>, un <strong>journal alimentaire<\/strong> ou une application de suivi ?<\/li>\n\n\n<li><strong>A<\/strong>tteignable : Est-ce un objectif r\u00e9aliste ? Perdre 5 kg en un mois est peut-\u00eatre faisable, mais 20 kg risque de n\u00e9cessiter une machine \u00e0 remonter le temps !<\/li>\n\n\n<li><strong>R<\/strong>\u00e9aliste : \u00c9valuez vos ressources et votre mode de vie. Si vous travaillez comme un dingue et que votre frigo ne contient que des restes de pizza, peut-\u00eatre revoir la chose ?<\/li>\n\n\n<li><strong>T<\/strong>emporel : Fixez une date limite pour cr\u00e9er un sentiment d&rsquo;urgence. Quand visez-vous perdre ces 5 kg ? D&rsquo;ici 2 mois ? C\u2019est parfait pour commencer !<\/li>\n\n<\/ul>\n\n\n<h2 class=\"wp-block-heading\">2. Suivez vos progr\u00e8s avec des outils adapt\u00e9s<\/h2>\n\n\n<p>Avoir un <strong>suivi<\/strong> de vos progr\u00e8s est crucial. Vous pouvez utiliser :<\/p>\n\n\n<ul class=\"wp-block-list\">\n\n<li><strong>Applications<\/strong> de suivi de poids : Certaines sont vraiment amusantes et ces petites notifications vous diront de rester sur la bonne voie.<\/li>\n\n\n<li><strong>Journaux alimentaires<\/strong> : \u00c9crire ce que vous mangez, m\u00eame si \u00e7a semble fastidieux, aide \u00e0 mieux comprendre vos habitudes et vos <strong>craquages<\/strong>.<\/li>\n\n\n<li><strong>Balanciers<\/strong> et outils de mesure :  C\u2019est merveilleux d&rsquo;avoir un tout petit syst\u00e8me de mesure pour tout ce qui passe votre bouche.<\/li>\n\n<\/ul>\n\n\n<h2 class=\"wp-block-heading\">3. \u00c9valuez et ajustez<\/h2>\n\n\n<p>Il est important de faire r\u00e9guli\u00e8rement le point sur vos <strong>objectifs<\/strong>. Si vous constatez que vous ne progressez pas, ne d\u00e9sesp\u00e9rez pas ! Cela pourrait \u00eatre l\u2019occasion d\u2019ajuster vos objectifs pour qu\u2019ils correspondent mieux \u00e0 votre r\u00e9alit\u00e9. La vie est faite d\u2019ajustements, comme un bon pantalon apr\u00e8s un repas de f\u00eate !<\/p>\n\n\n<h2 class=\"wp-block-heading\">4. Restez motiv\u00e9e<\/h2>\n\n\n<p>Pensez aux <strong>r\u00e9compenses<\/strong>. Si vous atteignez votre objectif, offrez-vous un petit cadeau (pas un g\u00e2teau, hein !). Un nouveau v\u00eatement, un cours de danse, ou m\u00eame un masque facial pour une soir\u00e9e cocooning, cela peut faire des merveilles pour votre motivation.<\/p>\n\n\n<p>Rappelez-vous, chaque petite \u00e9tape compte ! La route vers votre objectif peut \u00eatre un peu cahoteuse, mais elle est aussi pleine de <strong>surprises<\/strong> et, osons le dire, de moments de fiert\u00e9.<\/p>\n\n\n\n<p>Pour accompagner votre parcours de <strong>perte de poids<\/strong>, il existe une multitude d&rsquo;outils qui peuvent vous soutenir. Que ce soit des <strong>applications de suivi<\/strong>, des <strong>balances connect\u00e9es<\/strong> ou m\u00eame des <strong>carnets alimentaires<\/strong>, le choix est vaste ! L&rsquo;important est de trouver l&rsquo;outil qui s&rsquo;adapte \u00e0 votre <strong>mode de vie<\/strong> et <strong>\u00e0 vos pr\u00e9f\u00e9rences personnelles<\/strong>. N&rsquo;oubliez pas de garder en t\u00eate vos objectifs et de ne pas vous laisser submerger par les options disponibles. Choisissez un outil qui vous parle ! Et surtout, amusez-vous bien dans votre d\u00e9marche. Apr\u00e8s tout, la vie est trop courte pour ne pas savourer chaque victoire !<\/p>\n\n\n<figure class=\"wp-block-embed is-type-video is-provider-youtube wp-block-embed-youtube wp-embed-aspect-16-9 wp-has-aspect-ratio\">\n<div class=\"wp-block-embed__wrapper\">\n<iframe loading=\"lazy\" title=\"Comment Perdre du Poids Rapidement sur Tapis Roulant\" width=\"1200\" height=\"675\" src=\"https:\/\/www.youtube.com\/embed\/c_4e6au3HXU?feature=oembed\" frameborder=\"0\" allow=\"accelerometer; autoplay; clipboard-write; encrypted-media; gyroscope; picture-in-picture; web-share\" referrerpolicy=\"strict-origin-when-cross-origin\" allowfullscreen><\/iframe>\n<\/div>\n<\/figure>\n","protected":false},"excerpt":{"rendered":"","protected":false},"author":39,"featured_media":0,"parent":7291,"menu_order":0,"comment_status":"closed","ping_status":"closed","template":"","meta":{"_acf_changed":false,"manual_indexmenow":false,"indexmenow_id_project":0,"footnotes":""},"class_list":["post-7299","page","type-page","status-publish"],"acf":[],"yoast_head":"<!-- This site is optimized with the Yoast SEO Premium plugin v21.3 (Yoast SEO v26.5) - https:\/\/yoast.com\/wordpress\/plugins\/seo\/ -->\n<title>Suivi de Poids : Les Outils Indispensables \u00e0 Adopter !<\/title>\n<meta name=\"description\" content=\"D\u00e9couvrez les meilleurs outils pour suivre efficacement votre perte de poids. Que ce soit des applications mobiles, des balances connect\u00e9es ou des journaux alimentaires, apprenez comment les int\u00e9grer dans votre routine pour atteindre vos objectifs de sant\u00e9.\" \/>\n<meta name=\"robots\" content=\"index, follow, max-snippet:-1, max-image-preview:large, max-video-preview:-1\" \/>\n<link rel=\"canonical\" href=\"https:\/\/pertedepoids-femme.fr\/blog\/perte-de-poids-pour-femmes\/comment-evaluer-ses-progres-en-perte-de-poids\/quels-outils-utiliser-pour-suivre-sa-perte-de-poids\/\" \/>\n<meta property=\"og:locale\" content=\"fr_FR\" \/>\n<meta property=\"og:type\" content=\"article\" \/>\n<meta property=\"og:title\" content=\"Suivi de Poids : Les Outils Indispensables \u00e0 Adopter !\" \/>\n<meta property=\"og:description\" content=\"D\u00e9couvrez les meilleurs outils pour suivre efficacement votre perte de poids. Que ce soit des applications mobiles, des balances connect\u00e9es ou des journaux alimentaires, apprenez comment les int\u00e9grer dans votre routine pour atteindre vos objectifs de sant\u00e9.\" \/>\n<meta property=\"og:url\" content=\"https:\/\/pertedepoids-femme.fr\/blog\/perte-de-poids-pour-femmes\/comment-evaluer-ses-progres-en-perte-de-poids\/quels-outils-utiliser-pour-suivre-sa-perte-de-poids\/\" \/>\n<meta property=\"og:site_name\" content=\"pertedepoids-femme\" \/>\n<meta name=\"twitter:card\" content=\"summary_large_image\" \/>\n<script type=\"application\/ld+json\" class=\"yoast-schema-graph\">{\"@context\":\"https:\/\/schema.org\",\"@graph\":[{\"@type\":\"WebPage\",\"@id\":\"https:\/\/pertedepoids-femme.fr\/blog\/perte-de-poids-pour-femmes\/comment-evaluer-ses-progres-en-perte-de-poids\/quels-outils-utiliser-pour-suivre-sa-perte-de-poids\/\",\"url\":\"https:\/\/pertedepoids-femme.fr\/blog\/perte-de-poids-pour-femmes\/comment-evaluer-ses-progres-en-perte-de-poids\/quels-outils-utiliser-pour-suivre-sa-perte-de-poids\/\",\"name\":\"Suivi de Poids : Les Outils Indispensables \u00e0 Adopter !\",\"isPartOf\":{\"@id\":\"https:\/\/pertedepoids-femme.fr\/blog\/#website\"},\"datePublished\":\"2024-12-21T10:44:17+00:00\",\"description\":\"D\u00e9couvrez les meilleurs outils pour suivre efficacement votre perte de poids. Que ce soit des applications mobiles, des balances connect\u00e9es ou des journaux alimentaires, apprenez comment les int\u00e9grer dans votre routine pour atteindre vos objectifs de sant\u00e9.\",\"breadcrumb\":{\"@id\":\"https:\/\/pertedepoids-femme.fr\/blog\/perte-de-poids-pour-femmes\/comment-evaluer-ses-progres-en-perte-de-poids\/quels-outils-utiliser-pour-suivre-sa-perte-de-poids\/#breadcrumb\"},\"inLanguage\":\"fr-FR\",\"potentialAction\":[{\"@type\":\"ReadAction\",\"target\":[\"https:\/\/pertedepoids-femme.fr\/blog\/perte-de-poids-pour-femmes\/comment-evaluer-ses-progres-en-perte-de-poids\/quels-outils-utiliser-pour-suivre-sa-perte-de-poids\/\"]}]},{\"@type\":\"BreadcrumbList\",\"@id\":\"https:\/\/pertedepoids-femme.fr\/blog\/perte-de-poids-pour-femmes\/comment-evaluer-ses-progres-en-perte-de-poids\/quels-outils-utiliser-pour-suivre-sa-perte-de-poids\/#breadcrumb\",\"itemListElement\":[{\"@type\":\"ListItem\",\"position\":1,\"name\":\"Perte de poids pour femmes\",\"item\":\"https:\/\/pertedepoids-femme.fr\/blog\/perte-de-poids-pour-femmes\/\"},{\"@type\":\"ListItem\",\"position\":2,\"name\":\"Comment \u00e9valuer ses progr\u00e8s en perte de poids ?\",\"item\":\"https:\/\/pertedepoids-femme.fr\/blog\/perte-de-poids-pour-femmes\/comment-evaluer-ses-progres-en-perte-de-poids\/\"},{\"@type\":\"ListItem\",\"position\":3,\"name\":\"Quels outils utiliser pour suivre sa perte de poids ?\"}]},{\"@type\":\"WebSite\",\"@id\":\"https:\/\/pertedepoids-femme.fr\/blog\/#website\",\"url\":\"https:\/\/pertedepoids-femme.fr\/blog\/\",\"name\":\"pertedepoids-femme.fr\",\"description\":\"Perte de Poids Femme, transformez votre vie\",\"publisher\":{\"@id\":\"https:\/\/pertedepoids-femme.fr\/blog\/#organization\"},\"alternateName\":\"Perte de Poids Femme, transformez votre vie\",\"potentialAction\":[{\"@type\":\"SearchAction\",\"target\":{\"@type\":\"EntryPoint\",\"urlTemplate\":\"https:\/\/pertedepoids-femme.fr\/blog\/?s={search_term_string}\"},\"query-input\":{\"@type\":\"PropertyValueSpecification\",\"valueRequired\":true,\"valueName\":\"search_term_string\"}}],\"inLanguage\":\"fr-FR\"},{\"@type\":\"Organization\",\"@id\":\"https:\/\/pertedepoids-femme.fr\/blog\/#organization\",\"name\":\"Foretsensations.fr\",\"url\":\"https:\/\/pertedepoids-femme.fr\/blog\/\",\"logo\":{\"@type\":\"ImageObject\",\"inLanguage\":\"fr-FR\",\"@id\":\"https:\/\/pertedepoids-femme.fr\/blog\/#\/schema\/logo\/image\/\",\"url\":\"https:\/\/pertedepoids-femme.fr\/blog\/wp-content\/uploads\/2024\/12\/22.png\",\"contentUrl\":\"https:\/\/pertedepoids-femme.fr\/blog\/wp-content\/uploads\/2024\/12\/22.png\",\"width\":512,\"height\":512,\"caption\":\"Foretsensations.fr\"},\"image\":{\"@id\":\"https:\/\/pertedepoids-femme.fr\/blog\/#\/schema\/logo\/image\/\"}}]}<\/script>\n<!-- \/ Yoast SEO Premium plugin. -->","yoast_head_json":{"title":"Suivi de Poids : Les Outils Indispensables \u00e0 Adopter !","description":"D\u00e9couvrez les meilleurs outils pour suivre efficacement votre perte de poids. Que ce soit des applications mobiles, des balances connect\u00e9es ou des journaux alimentaires, apprenez comment les int\u00e9grer dans votre routine pour atteindre vos objectifs de sant\u00e9.","robots":{"index":"index","follow":"follow","max-snippet":"max-snippet:-1","max-image-preview":"max-image-preview:large","max-video-preview":"max-video-preview:-1"},"canonical":"https:\/\/pertedepoids-femme.fr\/blog\/perte-de-poids-pour-femmes\/comment-evaluer-ses-progres-en-perte-de-poids\/quels-outils-utiliser-pour-suivre-sa-perte-de-poids\/","og_locale":"fr_FR","og_type":"article","og_title":"Suivi de Poids : Les Outils Indispensables \u00e0 Adopter !","og_description":"D\u00e9couvrez les meilleurs outils pour suivre efficacement votre perte de poids. Que ce soit des applications mobiles, des balances connect\u00e9es ou des journaux alimentaires, apprenez comment les int\u00e9grer dans votre routine pour atteindre vos objectifs de sant\u00e9.","og_url":"https:\/\/pertedepoids-femme.fr\/blog\/perte-de-poids-pour-femmes\/comment-evaluer-ses-progres-en-perte-de-poids\/quels-outils-utiliser-pour-suivre-sa-perte-de-poids\/","og_site_name":"pertedepoids-femme","twitter_card":"summary_large_image","schema":{"@context":"https:\/\/schema.org","@graph":[{"@type":"WebPage","@id":"https:\/\/pertedepoids-femme.fr\/blog\/perte-de-poids-pour-femmes\/comment-evaluer-ses-progres-en-perte-de-poids\/quels-outils-utiliser-pour-suivre-sa-perte-de-poids\/","url":"https:\/\/pertedepoids-femme.fr\/blog\/perte-de-poids-pour-femmes\/comment-evaluer-ses-progres-en-perte-de-poids\/quels-outils-utiliser-pour-suivre-sa-perte-de-poids\/","name":"Suivi de Poids : Les Outils Indispensables \u00e0 Adopter !","isPartOf":{"@id":"https:\/\/pertedepoids-femme.fr\/blog\/#website"},"datePublished":"2024-12-21T10:44:17+00:00","description":"D\u00e9couvrez les meilleurs outils pour suivre efficacement votre perte de poids. Que ce soit des applications mobiles, des balances connect\u00e9es ou des journaux alimentaires, apprenez comment les int\u00e9grer dans votre routine pour atteindre vos objectifs de sant\u00e9.","breadcrumb":{"@id":"https:\/\/pertedepoids-femme.fr\/blog\/perte-de-poids-pour-femmes\/comment-evaluer-ses-progres-en-perte-de-poids\/quels-outils-utiliser-pour-suivre-sa-perte-de-poids\/#breadcrumb"},"inLanguage":"fr-FR","potentialAction":[{"@type":"ReadAction","target":["https:\/\/pertedepoids-femme.fr\/blog\/perte-de-poids-pour-femmes\/comment-evaluer-ses-progres-en-perte-de-poids\/quels-outils-utiliser-pour-suivre-sa-perte-de-poids\/"]}]},{"@type":"BreadcrumbList","@id":"https:\/\/pertedepoids-femme.fr\/blog\/perte-de-poids-pour-femmes\/comment-evaluer-ses-progres-en-perte-de-poids\/quels-outils-utiliser-pour-suivre-sa-perte-de-poids\/#breadcrumb","itemListElement":[{"@type":"ListItem","position":1,"name":"Perte de poids pour femmes","item":"https:\/\/pertedepoids-femme.fr\/blog\/perte-de-poids-pour-femmes\/"},{"@type":"ListItem","position":2,"name":"Comment \u00e9valuer ses progr\u00e8s en perte de poids ?","item":"https:\/\/pertedepoids-femme.fr\/blog\/perte-de-poids-pour-femmes\/comment-evaluer-ses-progres-en-perte-de-poids\/"},{"@type":"ListItem","position":3,"name":"Quels outils utiliser pour suivre sa perte de poids ?"}]},{"@type":"WebSite","@id":"https:\/\/pertedepoids-femme.fr\/blog\/#website","url":"https:\/\/pertedepoids-femme.fr\/blog\/","name":"pertedepoids-femme.fr","description":"Perte de Poids Femme, transformez votre vie","publisher":{"@id":"https:\/\/pertedepoids-femme.fr\/blog\/#organization"},"alternateName":"Perte de Poids Femme, transformez votre vie","potentialAction":[{"@type":"SearchAction","target":{"@type":"EntryPoint","urlTemplate":"https:\/\/pertedepoids-femme.fr\/blog\/?s={search_term_string}"},"query-input":{"@type":"PropertyValueSpecification","valueRequired":true,"valueName":"search_term_string"}}],"inLanguage":"fr-FR"},{"@type":"Organization","@id":"https:\/\/pertedepoids-femme.fr\/blog\/#organization","name":"Foretsensations.fr","url":"https:\/\/pertedepoids-femme.fr\/blog\/","logo":{"@type":"ImageObject","inLanguage":"fr-FR","@id":"https:\/\/pertedepoids-femme.fr\/blog\/#\/schema\/logo\/image\/","url":"https:\/\/pertedepoids-femme.fr\/blog\/wp-content\/uploads\/2024\/12\/22.png","contentUrl":"https:\/\/pertedepoids-femme.fr\/blog\/wp-content\/uploads\/2024\/12\/22.png","width":512,"height":512,"caption":"Foretsensations.fr"},"image":{"@id":"https:\/\/pertedepoids-femme.fr\/blog\/#\/schema\/logo\/image\/"}}]}},"_links":{"self":[{"href":"https:\/\/pertedepoids-femme.fr\/blog\/wp-json\/wp\/v2\/pages\/7299","targetHints":{"allow":["GET"]}}],"collection":[{"href":"https:\/\/pertedepoids-femme.fr\/blog\/wp-json\/wp\/v2\/pages"}],"about":[{"href":"https:\/\/pertedepoids-femme.fr\/blog\/wp-json\/wp\/v2\/types\/page"}],"author":[{"embeddable":true,"href":"https:\/\/pertedepoids-femme.fr\/blog\/wp-json\/wp\/v2\/users\/39"}],"replies":[{"embeddable":true,"href":"https:\/\/pertedepoids-femme.fr\/blog\/wp-json\/wp\/v2\/comments?post=7299"}],"version-history":[{"count":0,"href":"https:\/\/pertedepoids-femme.fr\/blog\/wp-json\/wp\/v2\/pages\/7299\/revisions"}],"up":[{"embeddable":true,"href":"https:\/\/pertedepoids-femme.fr\/blog\/wp-json\/wp\/v2\/pages\/7291"}],"wp:attachment":[{"href":"https:\/\/pertedepoids-femme.fr\/blog\/wp-json\/wp\/v2\/media?parent=7299"}],"curies":[{"name":"wp","href":"https:\/\/api.w.org\/{rel}","templated":true}]}}