{"id":69,"date":"2023-10-11T12:08:25","date_gmt":"2023-10-11T10:08:25","guid":{"rendered":"https:\/\/pertedepoids-femme.fr\/blog\/?page_id=69"},"modified":"2026-03-30T10:42:28","modified_gmt":"2026-03-30T08:42:28","slug":"lequipe","status":"publish","type":"page","link":"https:\/\/pertedepoids-femme.fr\/blog\/lequipe\/","title":{"rendered":"L&rsquo;\u00e9quipe &#038; \u00c9dito"},"content":{"rendered":"<p><span style=\"font-weight: 400;\">Perte de Poids Femme est votre guide sp\u00e9cialis\u00e9 pour la gestion du poids f\u00e9minin \u2014 en tenant compte des r\u00e9alit\u00e9s hormonales, m\u00e9taboliques et psychologiques qui font que perdre du poids en tant que femme est une d\u00e9marche unique. Chrononutrition, \u00e9quilibre hormonal, programmes d&rsquo;exercices adapt\u00e9s, t\u00e9moignages inspirants : nous vous accompagnons pas \u00e0 pas. Notre \u00e9quipe rassemble des di\u00e9t\u00e9ticiennes sp\u00e9cialis\u00e9es en sant\u00e9 f\u00e9minine, des coaches sportives certifi\u00e9es, des naturopathes et des r\u00e9dactrices passionn\u00e9es par le bien-\u00eatre au f\u00e9minin.<\/span><\/p>\n","protected":false},"excerpt":{"rendered":"","protected":false},"author":34,"featured_media":0,"parent":0,"menu_order":0,"comment_status":"closed","ping_status":"closed","template":"","meta":{"_acf_changed":false,"manual_indexmenow":false,"indexmenow_id_project":0,"footnotes":""},"class_list":["post-69","page","type-page","status-publish"],"acf":[],"yoast_head":"<!-- This site is optimized with the Yoast SEO Premium plugin v21.3 (Yoast SEO v26.5) - https:\/\/yoast.com\/wordpress\/plugins\/seo\/ -->\n<title>L&#039;\u00e9quipe &amp; \u00c9dito<\/title>\n<meta name=\"description\" content=\"Perte de Poids Femme est votre guide sp\u00e9cialis\u00e9 pour la gestion du poids f\u00e9minin \u2014 en tenant compte des r\u00e9alit\u00e9s hormonales, m\u00e9taboliques et\" \/>\n<meta name=\"robots\" content=\"index, follow, max-snippet:-1, max-image-preview:large, max-video-preview:-1\" \/>\n<link rel=\"canonical\" href=\"https:\/\/pertedepoids-femme.fr\/blog\/lequipe\/\" \/>\n<meta property=\"og:locale\" content=\"fr_FR\" \/>\n<meta property=\"og:type\" content=\"article\" \/>\n<meta property=\"og:title\" content=\"L&#039;\u00e9quipe &amp; \u00c9dito\" \/>\n<meta property=\"og:description\" content=\"Perte de Poids Femme est votre guide sp\u00e9cialis\u00e9 pour la gestion du poids f\u00e9minin \u2014 en tenant compte des r\u00e9alit\u00e9s hormonales, m\u00e9taboliques et\" \/>\n<meta property=\"og:url\" content=\"https:\/\/pertedepoids-femme.fr\/blog\/lequipe\/\" \/>\n<meta property=\"og:site_name\" content=\"pertedepoids-femme\" \/>\n<meta name=\"twitter:card\" content=\"summary_large_image\" \/>\n<script type=\"application\/ld+json\" class=\"yoast-schema-graph\">{\"@context\":\"https:\/\/schema.org\",\"@graph\":[{\"@type\":\"WebPage\",\"@id\":\"https:\/\/pertedepoids-femme.fr\/blog\/lequipe\/\",\"url\":\"https:\/\/pertedepoids-femme.fr\/blog\/lequipe\/\",\"name\":\"L'\u00e9quipe & \u00c9dito\",\"isPartOf\":{\"@id\":\"https:\/\/pertedepoids-femme.fr\/blog\/#website\"},\"datePublished\":\"2023-10-11T10:08:25+00:00\",\"dateModified\":\"2026-03-30T08:42:28+00:00\",\"description\":\"Perte de Poids Femme est votre guide sp\u00e9cialis\u00e9 pour la gestion du poids f\u00e9minin \u2014 en tenant compte des r\u00e9alit\u00e9s hormonales, m\u00e9taboliques et\",\"inLanguage\":\"fr-FR\",\"potentialAction\":[{\"@type\":\"ReadAction\",\"target\":[\"https:\/\/pertedepoids-femme.fr\/blog\/lequipe\/\"]}]},{\"@type\":\"WebSite\",\"@id\":\"https:\/\/pertedepoids-femme.fr\/blog\/#website\",\"url\":\"https:\/\/pertedepoids-femme.fr\/blog\/\",\"name\":\"pertedepoids-femme.fr\",\"description\":\"Perte de Poids Femme, transformez votre vie\",\"publisher\":{\"@id\":\"https:\/\/pertedepoids-femme.fr\/blog\/#organization\"},\"alternateName\":\"Perte de Poids Femme, transformez votre vie\",\"potentialAction\":[{\"@type\":\"SearchAction\",\"target\":{\"@type\":\"EntryPoint\",\"urlTemplate\":\"https:\/\/pertedepoids-femme.fr\/blog\/?s={search_term_string}\"},\"query-input\":{\"@type\":\"PropertyValueSpecification\",\"valueRequired\":true,\"valueName\":\"search_term_string\"}}],\"inLanguage\":\"fr-FR\"},{\"@type\":\"Organization\",\"@id\":\"https:\/\/pertedepoids-femme.fr\/blog\/#organization\",\"name\":\"Foretsensations.fr\",\"url\":\"https:\/\/pertedepoids-femme.fr\/blog\/\",\"logo\":{\"@type\":\"ImageObject\",\"inLanguage\":\"fr-FR\",\"@id\":\"https:\/\/pertedepoids-femme.fr\/blog\/#\/schema\/logo\/image\/\",\"url\":\"https:\/\/pertedepoids-femme.fr\/blog\/wp-content\/uploads\/2024\/12\/22.png\",\"contentUrl\":\"https:\/\/pertedepoids-femme.fr\/blog\/wp-content\/uploads\/2024\/12\/22.png\",\"width\":512,\"height\":512,\"caption\":\"Foretsensations.fr\"},\"image\":{\"@id\":\"https:\/\/pertedepoids-femme.fr\/blog\/#\/schema\/logo\/image\/\"}}]}<\/script>\n<!-- \/ Yoast SEO Premium plugin. -->","yoast_head_json":{"title":"L'\u00e9quipe & \u00c9dito","description":"Perte de Poids Femme est votre guide sp\u00e9cialis\u00e9 pour la gestion du poids f\u00e9minin \u2014 en tenant compte des r\u00e9alit\u00e9s hormonales, m\u00e9taboliques et","robots":{"index":"index","follow":"follow","max-snippet":"max-snippet:-1","max-image-preview":"max-image-preview:large","max-video-preview":"max-video-preview:-1"},"canonical":"https:\/\/pertedepoids-femme.fr\/blog\/lequipe\/","og_locale":"fr_FR","og_type":"article","og_title":"L'\u00e9quipe & \u00c9dito","og_description":"Perte de Poids Femme est votre guide sp\u00e9cialis\u00e9 pour la gestion du poids f\u00e9minin \u2014 en tenant compte des r\u00e9alit\u00e9s hormonales, m\u00e9taboliques et","og_url":"https:\/\/pertedepoids-femme.fr\/blog\/lequipe\/","og_site_name":"pertedepoids-femme","twitter_card":"summary_large_image","schema":{"@context":"https:\/\/schema.org","@graph":[{"@type":"WebPage","@id":"https:\/\/pertedepoids-femme.fr\/blog\/lequipe\/","url":"https:\/\/pertedepoids-femme.fr\/blog\/lequipe\/","name":"L'\u00e9quipe & \u00c9dito","isPartOf":{"@id":"https:\/\/pertedepoids-femme.fr\/blog\/#website"},"datePublished":"2023-10-11T10:08:25+00:00","dateModified":"2026-03-30T08:42:28+00:00","description":"Perte de Poids Femme est votre guide sp\u00e9cialis\u00e9 pour la gestion du poids f\u00e9minin \u2014 en tenant compte des r\u00e9alit\u00e9s hormonales, m\u00e9taboliques et","inLanguage":"fr-FR","potentialAction":[{"@type":"ReadAction","target":["https:\/\/pertedepoids-femme.fr\/blog\/lequipe\/"]}]},{"@type":"WebSite","@id":"https:\/\/pertedepoids-femme.fr\/blog\/#website","url":"https:\/\/pertedepoids-femme.fr\/blog\/","name":"pertedepoids-femme.fr","description":"Perte de Poids Femme, transformez votre vie","publisher":{"@id":"https:\/\/pertedepoids-femme.fr\/blog\/#organization"},"alternateName":"Perte de Poids Femme, transformez votre vie","potentialAction":[{"@type":"SearchAction","target":{"@type":"EntryPoint","urlTemplate":"https:\/\/pertedepoids-femme.fr\/blog\/?s={search_term_string}"},"query-input":{"@type":"PropertyValueSpecification","valueRequired":true,"valueName":"search_term_string"}}],"inLanguage":"fr-FR"},{"@type":"Organization","@id":"https:\/\/pertedepoids-femme.fr\/blog\/#organization","name":"Foretsensations.fr","url":"https:\/\/pertedepoids-femme.fr\/blog\/","logo":{"@type":"ImageObject","inLanguage":"fr-FR","@id":"https:\/\/pertedepoids-femme.fr\/blog\/#\/schema\/logo\/image\/","url":"https:\/\/pertedepoids-femme.fr\/blog\/wp-content\/uploads\/2024\/12\/22.png","contentUrl":"https:\/\/pertedepoids-femme.fr\/blog\/wp-content\/uploads\/2024\/12\/22.png","width":512,"height":512,"caption":"Foretsensations.fr"},"image":{"@id":"https:\/\/pertedepoids-femme.fr\/blog\/#\/schema\/logo\/image\/"}}]}},"_links":{"self":[{"href":"https:\/\/pertedepoids-femme.fr\/blog\/wp-json\/wp\/v2\/pages\/69","targetHints":{"allow":["GET"]}}],"collection":[{"href":"https:\/\/pertedepoids-femme.fr\/blog\/wp-json\/wp\/v2\/pages"}],"about":[{"href":"https:\/\/pertedepoids-femme.fr\/blog\/wp-json\/wp\/v2\/types\/page"}],"author":[{"embeddable":true,"href":"https:\/\/pertedepoids-femme.fr\/blog\/wp-json\/wp\/v2\/users\/34"}],"replies":[{"embeddable":true,"href":"https:\/\/pertedepoids-femme.fr\/blog\/wp-json\/wp\/v2\/comments?post=69"}],"version-history":[{"count":35,"href":"https:\/\/pertedepoids-femme.fr\/blog\/wp-json\/wp\/v2\/pages\/69\/revisions"}],"predecessor-version":[{"id":7599,"href":"https:\/\/pertedepoids-femme.fr\/blog\/wp-json\/wp\/v2\/pages\/69\/revisions\/7599"}],"wp:attachment":[{"href":"https:\/\/pertedepoids-femme.fr\/blog\/wp-json\/wp\/v2\/media?parent=69"}],"curies":[{"name":"wp","href":"https:\/\/api.w.org\/{rel}","templated":true}]}}